{"id":170,"date":"2020-02-15T18:00:17","date_gmt":"2020-02-15T18:00:17","guid":{"rendered":"http:\/\/hb-themes.com\/themes\/highend\/minimal\/?page_id=170"},"modified":"2026-04-17T20:00:56","modified_gmt":"2026-04-17T20:00:56","slug":"welcome","status":"publish","type":"page","link":"https:\/\/sqadvising.com\/es\/","title":{"rendered":"Home &#8211; SQ Advising, PLLC &#8211; Law Firm &#8211; Iowa City &#8211; Business, Non-Profit, Wills, Trusts, Estates, Civil Litigation"},"content":{"rendered":"<div class=\"wpb-content-wrapper\"><div class=\"vc_row element-row row highend_69f762efb5734\"><div class=\"wpb_column vc_column_container vc_col-sm-12\"><div class=\"vc_column-inner\"><div class=\"wpb_wrapper\">\n\t<div  class=\"wpb_single_image wpb_content_element vc_align_center wpb_content_element\">\n\t\t\n\t\t<figure class=\"wpb_wrapper vc_figure\">\n\t\t\t<div class=\"vc_single_image-wrapper   vc_box_border_grey\"><img decoding=\"async\" class=\"vc_single_image-img\" src=\"https:\/\/i0.wp.com\/sqadvising.com\/wp-content\/uploads\/2020\/02\/S-Q-Banner-01-1067x300.png\" width=\"1067\" height=\"300\" alt=\"S-Q-Banner-01\" title=\"S-Q-Banner-01\" loading=\"lazy\" \/><\/div>\n\t\t<\/figure>\n\t<\/div>\n<\/div><\/div><\/div><\/div><div class=\"vc_row element-row row vc_custom_1427823103183 highend_vc_custom_1427823103183\"><div data-delay=\"300\" class=\"wpb_column vc_column_container vc_col-sm-4 hb-animate-element hb-top-to-bottom\"><div class=\"vc_column-inner\"><div class=\"wpb_wrapper\"><div class=\"vc_icon_element vc_icon_element-outer vc_do_icon cbm vc_icon_element-align-center\"><div class=\"vc_icon_element-inner vc_icon_element-color-black vc_icon_element-size-lg vc_icon_element-style- vc_icon_element-background-color-grey\" ><span class=\"vc_icon_element-icon far fa-hospital\" ><\/span><\/div><\/div><div class=\"shortcode-wrapper shortcode-title clearfix\"><h4 class=\"aligncenter\">Derecho Empresarial y de Organizaciones Sin Fines de Lucro<\/h4><\/div><div class=\"shortcode-wrapper shortcode-spacer clearfix\"><div class=\"spacer\" style=\"height:10px;\"><\/div><\/div>\n\t<div class=\"wpb_text_column wpb_content_element\" >\n\t\t<div class=\"wpb_wrapper\">\n\t\t\t<p style=\"text-align: center;\">Ofrecemos servicios corporativos para organizaciones sin fines de lucro, startups y peque\u00f1as y medianas empresas, incluyendo la constituci\u00f3n de sociedades, planificaci\u00f3n empresarial, cumplimiento normativo, negociaci\u00f3n de contratos, desarrollo econ\u00f3mico, licencias, derecho laboral y transacciones comerciales.<\/p>\n\n\t\t<\/div>\n\t<\/div>\n<\/div><\/div><\/div><div data-delay=\"600\" class=\"wpb_column vc_column_container vc_col-sm-4 hb-animate-element hb-top-to-bottom\"><div class=\"vc_column-inner\"><div class=\"wpb_wrapper\"><div class=\"vc_icon_element vc_icon_element-outer vc_do_icon cbm vc_icon_element-align-center\"><div class=\"vc_icon_element-inner vc_icon_element-color-black vc_icon_element-size-lg vc_icon_element-style- vc_icon_element-background-color-grey\" ><span class=\"vc_icon_element-icon typcn typcn-document-text\" ><\/span><\/div><\/div><div class=\"shortcode-wrapper shortcode-title clearfix\"><h4 style=\"color:#222222!important;border-color:#222222\" class=\"aligncenter\">Testamentos, fideicomisos y sucesiones<\/h4><\/div><div class=\"shortcode-wrapper shortcode-spacer clearfix\"><div class=\"spacer\" style=\"height:10px;\"><\/div><\/div>\n\t<div class=\"wpb_text_column wpb_content_element\" >\n\t\t<div class=\"wpb_wrapper\">\n\t\t\t<p style=\"text-align: center;\">Ofrecemos servicios que incluyen la redacci\u00f3n de testamentos, la planificaci\u00f3n patrimonial, los testamentos vitales y los poderes notariales, as\u00ed como la administraci\u00f3n de patrimonios y fideicomisos.<\/p>\n\n\t\t<\/div>\n\t<\/div>\n<\/div><\/div><\/div><div data-delay=\"1200\" class=\"wpb_column vc_column_container vc_col-sm-4 hb-animate-element hb-top-to-bottom\"><div class=\"vc_column-inner\"><div class=\"wpb_wrapper\"><div class=\"vc_icon_element vc_icon_element-outer vc_do_icon cbm vc_icon_element-align-center\"><div class=\"vc_icon_element-inner vc_icon_element-color-black vc_icon_element-size-lg vc_icon_element-style- vc_icon_element-background-color-grey\" ><span class=\"vc_icon_element-icon vc-material vc-material-gavel\" ><\/span><\/div><\/div><div class=\"shortcode-wrapper shortcode-title clearfix\"><h4 style=\"color:#222222!important;border-color:#222222\" class=\"aligncenter\">Litigios civiles<\/h4><\/div><div class=\"shortcode-wrapper shortcode-spacer clearfix\"><div class=\"spacer\" style=\"height:10px;\"><\/div><\/div>\n\t<div class=\"wpb_text_column wpb_content_element\" >\n\t\t<div class=\"wpb_wrapper\">\n\t\t\t<p style=\"text-align: center;\">Asistimos a clientes en litigios civiles en \u00e1reas tales como fraude al consumidor, incumplimiento de contratos (p. ej., falta de pago), derecho laboral y derechos civiles.<\/p>\n\n\t\t<\/div>\n\t<\/div>\n<\/div><\/div><\/div><\/div>\n<\/div>","protected":false},"excerpt":{"rendered":"Business and Non-Profit Law We provide corporate services for non-profits, startups, small and medium sized businesses, including corporate formation, business [...]","protected":false},"author":2,"featured_media":353,"parent":0,"menu_order":0,"comment_status":"open","ping_status":"open","template":"","meta":{"nf_dc_page":"","footnotes":""},"class_list":["post-170","page","type-page","status-publish","has-post-thumbnail","hentry"],"jetpack_shortlink":"https:\/\/wp.me\/PbyEfD-2K","jetpack_sharing_enabled":true,"_links":{"self":[{"href":"https:\/\/sqadvising.com\/es\/wp-json\/wp\/v2\/pages\/170","targetHints":{"allow":["GET"]}}],"collection":[{"href":"https:\/\/sqadvising.com\/es\/wp-json\/wp\/v2\/pages"}],"about":[{"href":"https:\/\/sqadvising.com\/es\/wp-json\/wp\/v2\/types\/page"}],"author":[{"embeddable":true,"href":"https:\/\/sqadvising.com\/es\/wp-json\/wp\/v2\/users\/2"}],"replies":[{"embeddable":true,"href":"https:\/\/sqadvising.com\/es\/wp-json\/wp\/v2\/comments?post=170"}],"version-history":[{"count":5,"href":"https:\/\/sqadvising.com\/es\/wp-json\/wp\/v2\/pages\/170\/revisions"}],"predecessor-version":[{"id":548,"href":"https:\/\/sqadvising.com\/es\/wp-json\/wp\/v2\/pages\/170\/revisions\/548"}],"wp:featuredmedia":[{"embeddable":true,"href":"https:\/\/sqadvising.com\/es\/wp-json\/wp\/v2\/media\/353"}],"wp:attachment":[{"href":"https:\/\/sqadvising.com\/es\/wp-json\/wp\/v2\/media?parent=170"}],"curies":[{"name":"wp","href":"https:\/\/api.w.org\/{rel}","templated":true}]}}