{"id":258,"date":"2015-04-01T10:52:30","date_gmt":"2015-04-01T10:52:30","guid":{"rendered":"http:\/\/hb-themes.com\/themes\/highend\/minimal\/?page_id=258"},"modified":"2024-05-25T16:14:35","modified_gmt":"2024-05-25T16:14:35","slug":"about","status":"publish","type":"page","link":"https:\/\/sqadvising.com\/es\/about\/","title":{"rendered":"About Us &#8211; SQ Advising, PLLC"},"content":{"rendered":"<div class=\"wpb-content-wrapper\"><div class=\"vc_row element-row row highend_69f7628b38663\"><div class=\"wpb_column vc_column_container vc_col-sm-12\"><div class=\"vc_column-inner\"><div class=\"wpb_wrapper\">\n\t<div class=\"wpb_text_column wpb_content_element\" >\n\t\t<div class=\"wpb_wrapper\">\n\t\t\t<p>Silvia Quezada cuenta con m\u00e1s de dos d\u00e9cadas de experiencia como abogada, trabajando para grandes y peque\u00f1as corporaciones, as\u00ed como para el gobierno federal. En 2019, fund\u00f3 SQ Advising, PLLC para brindar apoyo a clientes en el este de Iowa. Est\u00e1 admitida en los Colegios de Abogados de los estados de Iowa y Virginia, as\u00ed como en los Tribunales Federales de los Distritos Norte y Sur de Iowa.<\/p>\n<p>Puede contactarse con Silvia a trav\u00e9s de <a href=\"mailto:sq@sqadvising.com\">sq@sqadvising.com<\/a> o (515) 619-5124. Silvia habla espa\u00f1ol e ingl\u00e9s.<\/p>\n\n\t\t<\/div>\n\t<\/div>\n<\/div><\/div><\/div><\/div>\n<\/div>","protected":false},"excerpt":{"rendered":"Silvia Quezada has over two decades of experience as an attorney working for large and small corporations, as well as [...]","protected":false},"author":2,"featured_media":338,"parent":0,"menu_order":0,"comment_status":"open","ping_status":"open","template":"","meta":{"nf_dc_page":"","footnotes":""},"class_list":["post-258","page","type-page","status-publish","has-post-thumbnail","hentry"],"jetpack_shortlink":"https:\/\/wp.me\/PbyEfD-4a","jetpack_sharing_enabled":false,"_links":{"self":[{"href":"https:\/\/sqadvising.com\/es\/wp-json\/wp\/v2\/pages\/258","targetHints":{"allow":["GET"]}}],"collection":[{"href":"https:\/\/sqadvising.com\/es\/wp-json\/wp\/v2\/pages"}],"about":[{"href":"https:\/\/sqadvising.com\/es\/wp-json\/wp\/v2\/types\/page"}],"author":[{"embeddable":true,"href":"https:\/\/sqadvising.com\/es\/wp-json\/wp\/v2\/users\/2"}],"replies":[{"embeddable":true,"href":"https:\/\/sqadvising.com\/es\/wp-json\/wp\/v2\/comments?post=258"}],"version-history":[{"count":5,"href":"https:\/\/sqadvising.com\/es\/wp-json\/wp\/v2\/pages\/258\/revisions"}],"predecessor-version":[{"id":542,"href":"https:\/\/sqadvising.com\/es\/wp-json\/wp\/v2\/pages\/258\/revisions\/542"}],"wp:featuredmedia":[{"embeddable":true,"href":"https:\/\/sqadvising.com\/es\/wp-json\/wp\/v2\/media\/338"}],"wp:attachment":[{"href":"https:\/\/sqadvising.com\/es\/wp-json\/wp\/v2\/media?parent=258"}],"curies":[{"name":"wp","href":"https:\/\/api.w.org\/{rel}","templated":true}]}}